{"id":11222,"date":"2023-03-16T15:10:02","date_gmt":"2023-03-16T14:10:02","guid":{"rendered":"https:\/\/init-software.de\/success-story\/"},"modified":"2026-02-03T15:11:02","modified_gmt":"2026-02-03T14:11:02","slug":"success-story","status":"publish","type":"page","link":"https:\/\/init-software.de\/en\/job-description\/success-story\/","title":{"rendered":"Success Story"},"content":{"rendered":"\n<div style=\"height:30px\" aria-hidden=\"true\" class=\"wp-block-spacer\"><\/div>\n<style>.wp-block-kadence-advancedheading.kt-adv-heading1409_8bb388-9c, .wp-block-kadence-advancedheading.kt-adv-heading1409_8bb388-9c[data-kb-block=\"kb-adv-heading1409_8bb388-9c\"]{margin-top:1px;text-align:center;font-style:normal;color:#ffffff;}.wp-block-kadence-advancedheading.kt-adv-heading1409_8bb388-9c mark.kt-highlight, .wp-block-kadence-advancedheading.kt-adv-heading1409_8bb388-9c[data-kb-block=\"kb-adv-heading1409_8bb388-9c\"] mark.kt-highlight{font-style:normal;color:#f76a0c;-webkit-box-decoration-break:clone;box-decoration-break:clone;padding-top:0px;padding-right:0px;padding-bottom:0px;padding-left:0px;}.wp-block-kadence-advancedheading.kt-adv-heading1409_8bb388-9c img.kb-inline-image, .wp-block-kadence-advancedheading.kt-adv-heading1409_8bb388-9c[data-kb-block=\"kb-adv-heading1409_8bb388-9c\"] img.kb-inline-image{width:150px;vertical-align:baseline;}<\/style>\n<h2 class=\"kt-adv-heading1409_8bb388-9c header-top wp-block-kadence-advancedheading\" data-kb-block=\"kb-adv-heading1409_8bb388-9c\">Success Stories<\/h2>\n<style>.kb-row-layout-id1409_5fdd03-93 > .kt-row-column-wrap{align-content:start;}:where(.kb-row-layout-id1409_5fdd03-93 > .kt-row-column-wrap) > .wp-block-kadence-column{justify-content:start;}.kb-row-layout-id1409_5fdd03-93 > .kt-row-column-wrap{column-gap:var(--global-kb-gap-md, 2rem);row-gap:var(--global-kb-gap-md, 2rem);padding-top:var(--global-kb-spacing-sm, 1.5rem);padding-bottom:var(--global-kb-spacing-sm, 1.5rem);}.kb-row-layout-id1409_5fdd03-93 > .kt-row-column-wrap > div:not(.added-for-specificity){grid-column:initial;}.kb-row-layout-id1409_5fdd03-93 > .kt-row-column-wrap{grid-template-columns:repeat(5, minmax(0, 1fr));}.kb-row-layout-id1409_5fdd03-93 > .kt-row-layout-overlay{opacity:0.30;}@media all and (max-width: 1024px){.kb-row-layout-id1409_5fdd03-93 > .kt-row-column-wrap > div:not(.added-for-specificity){grid-column:initial;}}@media all and (max-width: 1024px){.kb-row-layout-id1409_5fdd03-93 > .kt-row-column-wrap{grid-template-columns:repeat(5, minmax(0, 1fr));}}@media all and (max-width: 767px){.kb-row-layout-id1409_5fdd03-93 > .kt-row-column-wrap > div:not(.added-for-specificity){grid-column:initial;}.kb-row-layout-id1409_5fdd03-93 > .kt-row-column-wrap{grid-template-columns:minmax(0, 1fr);}}<\/style><div class=\"kb-row-layout-wrap kb-row-layout-id1409_5fdd03-93 alignnone wp-block-kadence-rowlayout\"><div class=\"kt-row-column-wrap kt-has-5-columns kt-row-layout-equal kt-tab-layout-inherit kt-mobile-layout-row kt-row-valign-top\">\n<style>.kadence-column1409_d8170a-23 > .kt-inside-inner-col,.kadence-column1409_d8170a-23 > .kt-inside-inner-col:before{border-top-left-radius:0px;border-top-right-radius:0px;border-bottom-right-radius:0px;border-bottom-left-radius:0px;}.kadence-column1409_d8170a-23 > .kt-inside-inner-col{column-gap:var(--global-kb-gap-sm, 1rem);}.kadence-column1409_d8170a-23 > .kt-inside-inner-col{flex-direction:column;}.kadence-column1409_d8170a-23 > .kt-inside-inner-col > .aligncenter{width:100%;}.kadence-column1409_d8170a-23 > .kt-inside-inner-col:before{opacity:0.3;}.kadence-column1409_d8170a-23{position:relative;}@media all and (max-width: 1024px){.kadence-column1409_d8170a-23 > .kt-inside-inner-col{flex-direction:column;justify-content:center;}}@media all and (max-width: 767px){.kadence-column1409_d8170a-23 > .kt-inside-inner-col{flex-direction:column;justify-content:center;}}<\/style>\n<div class=\"wp-block-kadence-column kadence-column1409_d8170a-23 inner-column-1\"><div class=\"kt-inside-inner-col\"><\/div><\/div>\n\n\n<style>.kadence-column1409_2b2187-c8 > .kt-inside-inner-col,.kadence-column1409_2b2187-c8 > .kt-inside-inner-col:before{border-top-left-radius:0px;border-top-right-radius:0px;border-bottom-right-radius:0px;border-bottom-left-radius:0px;}.kadence-column1409_2b2187-c8 > .kt-inside-inner-col{column-gap:var(--global-kb-gap-sm, 1rem);}.kadence-column1409_2b2187-c8 > .kt-inside-inner-col{flex-direction:column;}.kadence-column1409_2b2187-c8 > .kt-inside-inner-col > .aligncenter{width:100%;}.kadence-column1409_2b2187-c8 > .kt-inside-inner-col:before{opacity:0.3;}.kadence-column1409_2b2187-c8{position:relative;}@media all and (max-width: 1024px){.kadence-column1409_2b2187-c8 > .kt-inside-inner-col{flex-direction:column;justify-content:center;}}@media all and (max-width: 767px){.kadence-column1409_2b2187-c8 > .kt-inside-inner-col{flex-direction:column;justify-content:center;}}<\/style>\n<div class=\"wp-block-kadence-column kadence-column1409_2b2187-c8 inner-column-2\"><div class=\"kt-inside-inner-col\">\n<figure class=\"wp-block-image\"><img loading=\"lazy\" decoding=\"async\" width=\"1024\" height=\"1024\" src=\"https:\/\/init-software.de\/wp-content\/uploads\/2018\/12\/Julian_Klaus-1.jpg\" alt=\"\" class=\"wp-image-2537\" srcset=\"https:\/\/init-software.de\/wp-content\/uploads\/2018\/12\/Julian_Klaus-1-150x150.jpg 150w, https:\/\/init-software.de\/wp-content\/uploads\/2018\/12\/Julian_Klaus-1-250x250.jpg 250w, https:\/\/init-software.de\/wp-content\/uploads\/2018\/12\/Julian_Klaus-1-300x300.jpg 300w, https:\/\/init-software.de\/wp-content\/uploads\/2018\/12\/Julian_Klaus-1-600x600.jpg 600w, https:\/\/init-software.de\/wp-content\/uploads\/2018\/12\/Julian_Klaus-1-768x768.jpg 768w, https:\/\/init-software.de\/wp-content\/uploads\/2018\/12\/Julian_Klaus-1.jpg 1024w\" sizes=\"auto, (max-width: 1024px) 100vw, 1024px\" \/><\/figure>\n\n\n<style>.wp-block-kadence-advancedheading.kt-adv-heading1409_9a2f62-55, .wp-block-kadence-advancedheading.kt-adv-heading1409_9a2f62-55[data-kb-block=\"kb-adv-heading1409_9a2f62-55\"]{font-style:normal;}.wp-block-kadence-advancedheading.kt-adv-heading1409_9a2f62-55 mark.kt-highlight, .wp-block-kadence-advancedheading.kt-adv-heading1409_9a2f62-55[data-kb-block=\"kb-adv-heading1409_9a2f62-55\"] mark.kt-highlight{font-style:normal;color:#f76a0c;-webkit-box-decoration-break:clone;box-decoration-break:clone;padding-top:0px;padding-right:0px;padding-bottom:0px;padding-left:0px;}.wp-block-kadence-advancedheading.kt-adv-heading1409_9a2f62-55 img.kb-inline-image, .wp-block-kadence-advancedheading.kt-adv-heading1409_9a2f62-55[data-kb-block=\"kb-adv-heading1409_9a2f62-55\"] img.kb-inline-image{width:150px;vertical-align:baseline;}<\/style>\n<h3 class=\"kt-adv-heading1409_9a2f62-55 wp-block-kadence-advancedheading\" data-kb-block=\"kb-adv-heading1409_9a2f62-55\"><span style=\"color: #ffffff;\" class=\"stk-highlight\">Julian Klaus<\/span><\/h3>\n\n\n\n<p class=\"justify\"> Denn wer einen Arbeitgeber hat, der einem vertraut, der ist auch in der Lage, fordernde Aufgaben mit L\u00f6sungen zu beantworten, die einen Unterschied machen. Because if you have an employer who trusts you, you are also able to answer challenging tasks with solutions that make a difference For me, INIT offers the groundwork to develop personally and professionally and at the pace that I determine. <\/p>\n<\/div><\/div>\n\n\n<style>.kadence-column1409_21add7-3c > .kt-inside-inner-col,.kadence-column1409_21add7-3c > .kt-inside-inner-col:before{border-top-left-radius:0px;border-top-right-radius:0px;border-bottom-right-radius:0px;border-bottom-left-radius:0px;}.kadence-column1409_21add7-3c > .kt-inside-inner-col{column-gap:var(--global-kb-gap-sm, 1rem);}.kadence-column1409_21add7-3c > .kt-inside-inner-col{flex-direction:column;}.kadence-column1409_21add7-3c > .kt-inside-inner-col > .aligncenter{width:100%;}.kadence-column1409_21add7-3c > .kt-inside-inner-col:before{opacity:0.3;}.kadence-column1409_21add7-3c{position:relative;}@media all and (max-width: 1024px){.kadence-column1409_21add7-3c > .kt-inside-inner-col{flex-direction:column;justify-content:center;}}@media all and (max-width: 767px){.kadence-column1409_21add7-3c > .kt-inside-inner-col{flex-direction:column;justify-content:center;}}<\/style>\n<div class=\"wp-block-kadence-column kadence-column1409_21add7-3c inner-column-3\"><div class=\"kt-inside-inner-col\">\n<figure class=\"wp-block-image size-large\"><img decoding=\"async\" src=\"https:\/\/init-software.de\/wp-content\/uploads\/2019\/11\/DSC_0069_quer-1024x768.jpg\" alt=\"\" class=\"wp-image-4595\"\/><\/figure>\n\n\n<style>.wp-block-kadence-advancedheading.kt-adv-heading1409_1ac98a-4e, .wp-block-kadence-advancedheading.kt-adv-heading1409_1ac98a-4e[data-kb-block=\"kb-adv-heading1409_1ac98a-4e\"]{font-style:normal;}.wp-block-kadence-advancedheading.kt-adv-heading1409_1ac98a-4e mark.kt-highlight, .wp-block-kadence-advancedheading.kt-adv-heading1409_1ac98a-4e[data-kb-block=\"kb-adv-heading1409_1ac98a-4e\"] mark.kt-highlight{font-style:normal;color:#f76a0c;-webkit-box-decoration-break:clone;box-decoration-break:clone;padding-top:0px;padding-right:0px;padding-bottom:0px;padding-left:0px;}.wp-block-kadence-advancedheading.kt-adv-heading1409_1ac98a-4e img.kb-inline-image, .wp-block-kadence-advancedheading.kt-adv-heading1409_1ac98a-4e[data-kb-block=\"kb-adv-heading1409_1ac98a-4e\"] img.kb-inline-image{width:150px;vertical-align:baseline;}<\/style>\n<h3 class=\"kt-adv-heading1409_1ac98a-4e wp-block-kadence-advancedheading\" data-kb-block=\"kb-adv-heading1409_1ac98a-4e\"><strong><span style=\"color: #ffffff;\" class=\"stk-highlight\">Kai Stritzelberger<\/span><\/strong><\/h3>\n\n\n\n<p class=\"justify\">After my bachelor&#8217;s degree, I was introduced to the working world in a very warm and familiar atmosphere. With the support of INIT, I was able to further my education in various topics and complete my Master&#8217;s degree in Scotland.<br\/>INIT gave me the support to familiarize myself with different topics. Today I work full time in a young and dynamic project team.. Together we work on challenging and varied projects.<\/p>\n<\/div><\/div>\n\n\n<style>.kadence-column1409_269678-a9 > .kt-inside-inner-col,.kadence-column1409_269678-a9 > .kt-inside-inner-col:before{border-top-left-radius:0px;border-top-right-radius:0px;border-bottom-right-radius:0px;border-bottom-left-radius:0px;}.kadence-column1409_269678-a9 > .kt-inside-inner-col{column-gap:var(--global-kb-gap-sm, 1rem);}.kadence-column1409_269678-a9 > .kt-inside-inner-col{flex-direction:column;}.kadence-column1409_269678-a9 > .kt-inside-inner-col > .aligncenter{width:100%;}.kadence-column1409_269678-a9 > .kt-inside-inner-col:before{opacity:0.3;}.kadence-column1409_269678-a9{position:relative;}@media all and (max-width: 1024px){.kadence-column1409_269678-a9 > .kt-inside-inner-col{flex-direction:column;justify-content:center;}}@media all and (max-width: 767px){.kadence-column1409_269678-a9 > .kt-inside-inner-col{flex-direction:column;justify-content:center;}}<\/style>\n<div class=\"wp-block-kadence-column kadence-column1409_269678-a9 inner-column-5\"><div class=\"kt-inside-inner-col\">\n<figure class=\"wp-block-image\"><img loading=\"lazy\" decoding=\"async\" width=\"1024\" height=\"1024\" src=\"https:\/\/init-software.de\/wp-content\/uploads\/2018\/12\/PM-10a_farbe-1024x1024.jpg\" alt=\"Picture of Jennyfa Frier \" class=\"wp-image-2713\" srcset=\"https:\/\/init-software.de\/wp-content\/uploads\/2018\/12\/PM-10a_farbe-150x150.jpg 150w, https:\/\/init-software.de\/wp-content\/uploads\/2018\/12\/PM-10a_farbe-250x250.jpg 250w, https:\/\/init-software.de\/wp-content\/uploads\/2018\/12\/PM-10a_farbe-300x300.jpg 300w, https:\/\/init-software.de\/wp-content\/uploads\/2018\/12\/PM-10a_farbe-600x600.jpg 600w, https:\/\/init-software.de\/wp-content\/uploads\/2018\/12\/PM-10a_farbe-768x768.jpg 768w, https:\/\/init-software.de\/wp-content\/uploads\/2018\/12\/PM-10a_farbe-1024x1024.jpg 1024w, https:\/\/init-software.de\/wp-content\/uploads\/2018\/12\/PM-10a_farbe-1200x1200.jpg 1200w, https:\/\/init-software.de\/wp-content\/uploads\/2018\/12\/PM-10a_farbe.jpg 1543w\" sizes=\"auto, (max-width: 1024px) 100vw, 1024px\" \/><\/figure>\n\n\n\n<h3 class=\"wp-block-heading\" id=\"mce_9\"><span style=\"color: #ffffff;\" class=\"stk-highlight\">Jennyfa Frier<\/span><\/h3>\n\n\n\n<p>I really enjoy working at INIT because I can not only apply my IT knowledge, but also contribute my creative skills. I particularly appreciate the flexible working hours, which made it much easier for me to return to work after my parental leave. <\/p>\n\n\n\n<p>Zudem wird man bei INIT von Anfang an herzlich aufgenommen \u2013 fast wie in einer gro\u00dfen Familie. Diese offene und wertsch\u00e4tzende Unternehmenskultur macht INIT f\u00fcr mich weit mehr als nur einen Arbeitgeber.<\/p>\n<\/div><\/div>\n\n\n<style>.kadence-column1409_545a91-de > .kt-inside-inner-col,.kadence-column1409_545a91-de > .kt-inside-inner-col:before{border-top-left-radius:0px;border-top-right-radius:0px;border-bottom-right-radius:0px;border-bottom-left-radius:0px;}.kadence-column1409_545a91-de > .kt-inside-inner-col{column-gap:var(--global-kb-gap-sm, 1rem);}.kadence-column1409_545a91-de > .kt-inside-inner-col{flex-direction:column;}.kadence-column1409_545a91-de > .kt-inside-inner-col > .aligncenter{width:100%;}.kadence-column1409_545a91-de > .kt-inside-inner-col:before{opacity:0.3;}.kadence-column1409_545a91-de{position:relative;}@media all and (max-width: 1024px){.kadence-column1409_545a91-de > .kt-inside-inner-col{flex-direction:column;justify-content:center;}}@media all and (max-width: 767px){.kadence-column1409_545a91-de > .kt-inside-inner-col{flex-direction:column;justify-content:center;}}<\/style>\n<div class=\"wp-block-kadence-column kadence-column1409_545a91-de inner-column-5\"><div class=\"kt-inside-inner-col\"><\/div><\/div>\n\n<\/div><\/div><style>.wp-block-kadence-advancedheading.kt-adv-heading1409_fb5b85-a2, .wp-block-kadence-advancedheading.kt-adv-heading1409_fb5b85-a2[data-kb-block=\"kb-adv-heading1409_fb5b85-a2\"]{font-style:normal;}.wp-block-kadence-advancedheading.kt-adv-heading1409_fb5b85-a2 mark.kt-highlight, .wp-block-kadence-advancedheading.kt-adv-heading1409_fb5b85-a2[data-kb-block=\"kb-adv-heading1409_fb5b85-a2\"] mark.kt-highlight{font-style:normal;color:#f76a0c;-webkit-box-decoration-break:clone;box-decoration-break:clone;padding-top:0px;padding-right:0px;padding-bottom:0px;padding-left:0px;}.wp-block-kadence-advancedheading.kt-adv-heading1409_fb5b85-a2 img.kb-inline-image, .wp-block-kadence-advancedheading.kt-adv-heading1409_fb5b85-a2[data-kb-block=\"kb-adv-heading1409_fb5b85-a2\"] img.kb-inline-image{width:150px;vertical-align:baseline;}<\/style>\n<h2 class=\"kt-adv-heading1409_fb5b85-a2 wp-block-kadence-advancedheading\" data-kb-block=\"kb-adv-heading1409_fb5b85-a2\"><\/h2>\n","protected":false},"excerpt":{"rendered":"<p>Success Stories Julian Klaus Denn wer einen Arbeitgeber hat, der einem vertraut, der ist auch in der Lage, fordernde Aufgaben &hellip;<\/p>\n","protected":false},"author":1,"featured_media":0,"parent":11325,"menu_order":0,"comment_status":"closed","ping_status":"closed","template":"","meta":{"_acf_changed":false,"_seopress_robots_primary_cat":"","_seopress_titles_title":"","_seopress_titles_desc":"","_seopress_robots_index":"","inline_featured_image":false,"_uag_custom_page_level_css":"","_genesis_hide_title":false,"_genesis_hide_breadcrumbs":false,"_genesis_hide_singular_image":false,"_genesis_hide_footer_widgets":false,"_genesis_custom_body_class":"","_genesis_custom_post_class":"","_genesis_layout":"","_themeisle_gutenberg_block_has_review":false,"footnotes":""},"class_list":{"1":"page","2":"type-page","5":"entry"},"featured_image_urls_v2":{"full":"","thumbnail":"","medium":"","medium_large":"","large":"","slider":"","1536x1536":"","2048x2048":"","cover":"","landscape-sm":"","landscape-md":"","landscape-lg":"","tiny":""},"post_excerpt_stackable_v2":"<p>Success Stories Julian Klaus Denn wer einen Arbeitgeber hat, der einem vertraut, der ist auch in der Lage, fordernde Aufgaben mit L\u00f6sungen zu beantworten, die einen Unterschied machen. Because if you have an employer who trusts you, you are also able to answer challenging tasks with solutions that make a difference For me, INIT offers the groundwork to develop personally and professionally and at the pace that I determine. Kai Stritzelberger After my bachelor&#8217;s degree, I was introduced to the working world in a very warm and familiar atmosphere. With the support of INIT, I was able to further my&hellip;<\/p>\n","category_list_v2":"","author_info_v2":{"name":"INIT","url":"https:\/\/init-software.de\/en\/author\/init\/"},"comments_num_v2":"0 comments","acf":[],"uagb_featured_image_src":{"full":false,"thumbnail":false,"medium":false,"medium_large":false,"large":false,"slider":false,"1536x1536":false,"2048x2048":false,"cover":false,"landscape-sm":false,"landscape-md":false,"landscape-lg":false,"tiny":false},"uagb_author_info":{"display_name":"INIT","author_link":"https:\/\/init-software.de\/en\/author\/init\/"},"uagb_comment_info":0,"uagb_excerpt":"Success Stories Julian Klaus Denn wer einen Arbeitgeber hat, der einem vertraut, der ist auch in der Lage, fordernde Aufgaben &hellip;","_links":{"self":[{"href":"https:\/\/init-software.de\/en\/wp-json\/wp\/v2\/pages\/11222","targetHints":{"allow":["GET"]}}],"collection":[{"href":"https:\/\/init-software.de\/en\/wp-json\/wp\/v2\/pages"}],"about":[{"href":"https:\/\/init-software.de\/en\/wp-json\/wp\/v2\/types\/page"}],"author":[{"embeddable":true,"href":"https:\/\/init-software.de\/en\/wp-json\/wp\/v2\/users\/1"}],"replies":[{"embeddable":true,"href":"https:\/\/init-software.de\/en\/wp-json\/wp\/v2\/comments?post=11222"}],"version-history":[{"count":2,"href":"https:\/\/init-software.de\/en\/wp-json\/wp\/v2\/pages\/11222\/revisions"}],"predecessor-version":[{"id":15187,"href":"https:\/\/init-software.de\/en\/wp-json\/wp\/v2\/pages\/11222\/revisions\/15187"}],"up":[{"embeddable":true,"href":"https:\/\/init-software.de\/en\/wp-json\/wp\/v2\/pages\/11325"}],"wp:attachment":[{"href":"https:\/\/init-software.de\/en\/wp-json\/wp\/v2\/media?parent=11222"}],"curies":[{"name":"wp","href":"https:\/\/api.w.org\/{rel}","templated":true}]}}